{"id":38,"date":"2022-01-24T08:24:43","date_gmt":"2022-01-24T07:24:43","guid":{"rendered":"https:\/\/rodaunaktiv.net\/wordpress\/?page_id=38"},"modified":"2023-06-26T19:37:28","modified_gmt":"2023-06-26T17:37:28","slug":"kontakt","status":"publish","type":"page","link":"https:\/\/rodaunaktiv.net\/wordpress\/kontakt\/","title":{"rendered":"Kontakt &#038; Impressum"},"content":{"rendered":"\n<p><br>Kulturverein Rodaun Aktiv<br>Ketzergasse 423, 1230 Wien<\/p>\n\n\n\n<p>+43 664 88119408<\/p>\n\n\n\n<p>Email: office@rodaunaktiv.net<\/p>\n\n\n\n<p>Facebook: <a href=\"https:\/\/www.facebook.com\/groups\/rodaun\">https:\/\/www.facebook.com\/groups\/rodaun<\/a> <br>\u201eRodaun &#8211; Dorf in der Stadt\u201c<\/p>\n\n\n\n<p><\/p>\n\n\n\n<p><strong>Vereinsvorstand:<\/strong><br>Marcus Marschalek, Obmann<br>Alice Zach, Obmann Stellvertreterin<br>Alexandra Kropf, Schriftf\u00fchrerin<br>Gerhard Zach, Kassier<br><br><strong>Als Rechnungspr\u00fcfer stehen zur Verf\u00fcgung: <\/strong><br>Erika Appelt, Rechnungspr\u00fcferin<br>Norbert Scheele, Rechnungspr\u00fcfer<\/p>\n\n\n\n<p>Die <a rel=\"noreferrer noopener\" href=\"https:\/\/drive.google.com\/file\/d\/1xexyThlQTG-8o3P2inS0yMfbg3HJ-FSr\/view?usp=sharing\" target=\"_blank\">Vereinsstatuten<\/a> k\u00f6nnen hier abgerufen werden.<\/p>\n\n\n\n<p>Projekte des Kulturvereins Rodaun Aktiv werden von der Kulturbezirksf\u00f6rderung unterst\u00fctzt.<\/p>\n","protected":false},"excerpt":{"rendered":"<p>Kulturverein Rodaun AktivKetzergasse 423, 1230 Wien +43 664 88119408 Email: office@rodaunaktiv.net Facebook: https:\/\/www.facebook.com\/groups\/rodaun \u201eRodaun &#8211; Dorf in der Stadt\u201c Vereinsvorstand:Marcus Marschalek, ObmannAlice Zach, Obmann StellvertreterinAlexandra Kropf, Schriftf\u00fchrerinGerhard Zach, Kassier Als Rechnungspr\u00fcfer stehen zur Verf\u00fcgung: Erika Appelt, Rechnungspr\u00fcferinNorbert Scheele, Rechnungspr\u00fcfer Die Vereinsstatuten k\u00f6nnen hier abgerufen werden. Projekte des Kulturvereins Rodaun Aktiv werden von der Kulturbezirksf\u00f6rderung unterst\u00fctzt.<\/p>\n","protected":false},"author":2,"featured_media":0,"parent":0,"menu_order":0,"comment_status":"closed","ping_status":"closed","template":"","meta":{"footnotes":""},"class_list":["post-38","page","type-page","status-publish","hentry"],"_links":{"self":[{"href":"https:\/\/rodaunaktiv.net\/wordpress\/wp-json\/wp\/v2\/pages\/38","targetHints":{"allow":["GET"]}}],"collection":[{"href":"https:\/\/rodaunaktiv.net\/wordpress\/wp-json\/wp\/v2\/pages"}],"about":[{"href":"https:\/\/rodaunaktiv.net\/wordpress\/wp-json\/wp\/v2\/types\/page"}],"author":[{"embeddable":true,"href":"https:\/\/rodaunaktiv.net\/wordpress\/wp-json\/wp\/v2\/users\/2"}],"replies":[{"embeddable":true,"href":"https:\/\/rodaunaktiv.net\/wordpress\/wp-json\/wp\/v2\/comments?post=38"}],"version-history":[{"count":10,"href":"https:\/\/rodaunaktiv.net\/wordpress\/wp-json\/wp\/v2\/pages\/38\/revisions"}],"predecessor-version":[{"id":567,"href":"https:\/\/rodaunaktiv.net\/wordpress\/wp-json\/wp\/v2\/pages\/38\/revisions\/567"}],"wp:attachment":[{"href":"https:\/\/rodaunaktiv.net\/wordpress\/wp-json\/wp\/v2\/media?parent=38"}],"curies":[{"name":"wp","href":"https:\/\/api.w.org\/{rel}","templated":true}]}}